{"id":745,"date":"2016-03-10T18:51:46","date_gmt":"2016-03-10T18:51:46","guid":{"rendered":"https:\/\/default.houzez.co\/?page_id=745"},"modified":"2025-02-19T23:48:46","modified_gmt":"2025-02-19T22:48:46","slug":"condiciones-generales","status":"publish","type":"page","link":"https:\/\/www.picrealestate.com\/es\/terms-and-conditions\/","title":{"rendered":"Condiciones generales"},"content":{"rendered":"<p><em>\u00daltima actualizaci\u00f3n: 01 enero <\/em>2025<\/p>\n\n\n\n<p>Bienvenido al sitio web de Gigliola Pjetra's Real Estate (\"sitio web\"). Al acceder o utilizar este sitio web, usted acepta cumplir y estar obligado por los siguientes t\u00e9rminos y condiciones. Si usted no est\u00e1 de acuerdo con estos T\u00e9rminos y Condiciones, por favor no utilice el Sitio Web.<\/p>\n\n\n\n<hr class=\"wp-block-separator has-alpha-channel-opacity\"\/>\n\n\n\n<h3 class=\"wp-block-heading\">1. Aceptaci\u00f3n de las condiciones<\/h3>\n\n\n\n<p>Al utilizar este sitio web, usted reconoce que ha le\u00eddo, comprendido y aceptado las presentes condiciones, incluidas cualesquiera directrices adicionales o modificaciones futuras. El uso continuado del sitio web implica la aceptaci\u00f3n de dichos cambios.<\/p>\n\n\n\n<hr class=\"wp-block-separator has-alpha-channel-opacity\"\/>\n\n\n\n<h3 class=\"wp-block-heading\">2. Uso del sitio web<\/h3>\n\n\n\n<ul class=\"wp-block-list\">\n<li><strong>Elegibilidad:<\/strong> Debe tener al menos 18 a\u00f1os para utilizar este sitio web.<\/li>\n\n\n\n<li><strong>Uso permitido:<\/strong> Se le concede un derecho limitado, no exclusivo e intransferible para acceder y utilizar el sitio web con fines personales y no comerciales. Cualquier otro uso est\u00e1 estrictamente prohibido.<\/li>\n\n\n\n<li><strong>Actividades prohibidas:<\/strong> Usted se compromete a no hacerlo:\n<ul class=\"wp-block-list\">\n<li>Participar en cualquier actividad que pueda da\u00f1ar el Sitio Web o perjudicar su funcionalidad.<\/li>\n\n\n\n<li>Utilizar sistemas o programas inform\u00e1ticos automatizados para extraer datos del Sitio web.<\/li>\n\n\n\n<li>Intentar obtener acceso no autorizado a cualquier parte del Sitio Web, a los datos de otros usuarios o a cualquier sistema conectado.<\/li>\n<\/ul>\n<\/li>\n<\/ul>\n\n\n\n<hr class=\"wp-block-separator has-alpha-channel-opacity\"\/>\n\n\n\n<h3 class=\"wp-block-heading\">3. 3. Propiedad intelectual<\/h3>\n\n\n\n<ul class=\"wp-block-list\">\n<li><strong>Propiedad de los contenidos:<\/strong> Todos los contenidos del Sitio Web, incluidos textos, gr\u00e1ficos, logotipos, im\u00e1genes y software, son propiedad de Gigliola Pjetra o de sus licenciantes y est\u00e1n protegidos por las leyes internacionales sobre derechos de autor, marcas registradas y otros derechos de propiedad intelectual.<\/li>\n\n\n\n<li><strong>Restricciones:<\/strong> No podr\u00e1 reproducir, modificar, distribuir ni utilizar de ning\u00fan otro modo ning\u00fan contenido del Sitio Web sin autorizaci\u00f3n previa por escrito, salvo en los casos expresamente previstos en las presentes Condiciones.<\/li>\n<\/ul>\n\n\n\n<hr class=\"wp-block-separator has-alpha-channel-opacity\"\/>\n\n\n\n<h3 class=\"wp-block-heading\">4. Informaci\u00f3n inmobiliaria<\/h3>\n\n\n\n<ul class=\"wp-block-list\">\n<li><strong>Exactitud de la informaci\u00f3n:<\/strong> A pesar de los esfuerzos realizados para asegurar que los listados de propiedades y la informaci\u00f3n relacionada sean precisos, Gigliola Pjetra no ofrece ninguna garant\u00eda o representaci\u00f3n con respecto a la exactitud, fiabilidad o integridad de la informaci\u00f3n proporcionada.<\/li>\n\n\n\n<li><strong>Sin asesoramiento profesional:<\/strong> La informaci\u00f3n contenida en este sitio web tiene \u00fanicamente fines informativos generales y no constituye asesoramiento profesional inmobiliario, jur\u00eddico o financiero. Consulte siempre a un profesional cualificado antes de tomar decisiones basadas en la informaci\u00f3n proporcionada en el sitio web.<\/li>\n<\/ul>\n\n\n\n<hr class=\"wp-block-separator has-alpha-channel-opacity\"\/>\n\n\n\n<h3 class=\"wp-block-heading\">5. Enlaces y contenidos de terceros<\/h3>\n\n\n\n<p>El Sitio Web puede incluir enlaces a sitios web o contenidos de terceros que no est\u00e1n bajo el control de Gigliola Pjetra. Estos enlaces se proporcionan \u00fanicamente para su comodidad y no significan la aprobaci\u00f3n de los sitios de terceros o de su contenido. No nos hacemos responsables del contenido, las pol\u00edticas de privacidad o las pr\u00e1cticas de terceros.<\/p>\n\n\n\n<hr class=\"wp-block-separator has-alpha-channel-opacity\"\/>\n\n\n\n<h3 class=\"wp-block-heading\">6. Limitaci\u00f3n de responsabilidad<\/h3>\n\n\n\n<p>En la medida en que lo permita la ley, Gigliola Pjetra y sus afiliados, directores, funcionarios, empleados y agentes no ser\u00e1n responsables de ning\u00fan da\u00f1o indirecto, incidental, especial, consecuencial o punitivo, o cualquier p\u00e9rdida de ganancias o ingresos que surjan de o en conexi\u00f3n con el uso del Sitio Web o la imposibilidad de acceder al Sitio Web.<\/p>\n\n\n\n<hr class=\"wp-block-separator has-alpha-channel-opacity\"\/>\n\n\n\n<h3 class=\"wp-block-heading\">7. Indemnizaci\u00f3n<\/h3>\n\n\n\n<p>El usuario acepta indemnizar, defender y mantener indemne a Gigliola Pjetra, sus fundadores, empleados y afiliados frente a cualesquiera reclamaciones, responsabilidades, da\u00f1os y perjuicios, p\u00e9rdidas y gastos, incluidos honorarios razonables de abogados, que se deriven o est\u00e9n relacionados de alg\u00fan modo con el acceso o uso por parte del usuario del Sitio Web o con el incumplimiento de las presentes Condiciones.<\/p>\n\n\n\n<hr class=\"wp-block-separator has-alpha-channel-opacity\"\/>\n\n\n\n<h3 class=\"wp-block-heading\">8. Privacidad<\/h3>\n\n\n\n<p>Su uso del Sitio Web tambi\u00e9n se rige por nuestra Pol\u00edtica de Privacidad. Consulte nuestra Pol\u00edtica de privacidad para saber c\u00f3mo recopilamos, utilizamos y protegemos su informaci\u00f3n personal.<\/p>\n\n\n\n<hr class=\"wp-block-separator has-alpha-channel-opacity\"\/>\n\n\n\n<h3 class=\"wp-block-heading\">9. Modificaciones de las condiciones generales<\/h3>\n\n\n\n<p>Gigliola Pjetra se reserva el derecho de modificar en cualquier momento y sin previo aviso las presentes Condiciones. Cualquier cambio ser\u00e1 efectivo inmediatamente despu\u00e9s de su publicaci\u00f3n en el Sitio Web. El uso continuado del Sitio Web despu\u00e9s de cualquier modificaci\u00f3n implica la aceptaci\u00f3n de los nuevos T\u00e9rminos y Condiciones.<\/p>\n\n\n\n<hr class=\"wp-block-separator has-alpha-channel-opacity\"\/>\n\n\n\n<h3 class=\"wp-block-heading\">10. Derecho aplicable<\/h3>\n\n\n\n<p>Estos T\u00e9rminos y Condiciones se rigen e interpretan de acuerdo con las leyes de la Rep\u00fablica Dominicana. Cualquier disputa que surja de estos T\u00e9rminos y Condiciones estar\u00e1 sujeta a la jurisdicci\u00f3n exclusiva de los tribunales ubicados en la Rep\u00fablica Dominicana.<\/p>\n\n\n\n<hr class=\"wp-block-separator has-alpha-channel-opacity\"\/>\n\n\n\n<h3 class=\"wp-block-heading\">11. 11. Informaci\u00f3n de contacto<\/h3>\n\n\n\n<p>Si tiene alguna pregunta o duda en relaci\u00f3n con estas Condiciones Generales, p\u00f3ngase en contacto con nosotros en:<\/p>\n\n\n\n<p><strong>Gigliola Pjetra - Fundadora<\/strong><br><strong>Tel\u00e9fono (DR):<\/strong> +1 829 569 8804<br><strong>Tel\u00e9fono (Intl):<\/strong> +32 487 577 133<br><strong>Correo electr\u00f3nico:<\/strong> <a>info@picrealestate.com<\/a><\/p>\n\n\n\n<p><strong>Direcci\u00f3n de la oficina:<\/strong><br>Calle Principal, Cabarete, 57000,<br>Rep\u00fablica Dominicana<\/p>\n\n\n\n<hr class=\"wp-block-separator has-alpha-channel-opacity\"\/>\n\n\n\n<p>Al utilizar este sitio web, usted reconoce que ha le\u00eddo las presentes Condiciones Generales y acepta regirse por ellas. Si no est\u00e1 de acuerdo con alguna parte de estas condiciones, le rogamos que deje de utilizar el sitio web inmediatamente.<\/p>","protected":false},"excerpt":{"rendered":"<p>Last Updated: 01 January 2025 Welcome to Gigliola Pjetra\u2019s Real Estate Website (\u201cWebsite\u201d). By accessing or using this Website, you agree to comply with and be bound by the following terms and conditions. If you do not agree with these Terms and Conditions, please do not use the Website. 1. Acceptance of Terms By using [&hellip;]<\/p>\n","protected":false},"author":1,"featured_media":0,"parent":0,"menu_order":0,"comment_status":"closed","ping_status":"closed","template":"","meta":{"_joinchat":[],"footnotes":""},"class_list":["post-745","page","type-page","status-publish","hentry"],"_links":{"self":[{"href":"https:\/\/www.picrealestate.com\/es\/wp-json\/wp\/v2\/pages\/745","targetHints":{"allow":["GET"]}}],"collection":[{"href":"https:\/\/www.picrealestate.com\/es\/wp-json\/wp\/v2\/pages"}],"about":[{"href":"https:\/\/www.picrealestate.com\/es\/wp-json\/wp\/v2\/types\/page"}],"author":[{"embeddable":true,"href":"https:\/\/www.picrealestate.com\/es\/wp-json\/wp\/v2\/users\/1"}],"replies":[{"embeddable":true,"href":"https:\/\/www.picrealestate.com\/es\/wp-json\/wp\/v2\/comments?post=745"}],"version-history":[{"count":1,"href":"https:\/\/www.picrealestate.com\/es\/wp-json\/wp\/v2\/pages\/745\/revisions"}],"predecessor-version":[{"id":18688,"href":"https:\/\/www.picrealestate.com\/es\/wp-json\/wp\/v2\/pages\/745\/revisions\/18688"}],"wp:attachment":[{"href":"https:\/\/www.picrealestate.com\/es\/wp-json\/wp\/v2\/media?parent=745"}],"curies":[{"name":"wp","href":"https:\/\/api.w.org\/{rel}","templated":true}]}}