{"id":745,"date":"2016-03-10T18:51:46","date_gmt":"2016-03-10T18:51:46","guid":{"rendered":"https:\/\/default.houzez.co\/?page_id=745"},"modified":"2025-02-19T23:48:46","modified_gmt":"2025-02-19T22:48:46","slug":"conditions-generales","status":"publish","type":"page","link":"https:\/\/www.picrealestate.com\/fr\/terms-and-conditions\/","title":{"rendered":"Conditions g\u00e9n\u00e9rales d'utilisation"},"content":{"rendered":"<p><em>Derni\u00e8re mise \u00e0 jour : 01 janvier <\/em>2025<\/p>\n\n\n\n<p>Bienvenue sur le site de Gigliola Pjetra's Real Estate (\"le site\"). En acc\u00e9dant \u00e0 ce site ou en l'utilisant, vous acceptez de vous conformer et d'\u00eatre li\u00e9 par les termes et conditions qui suivent. Si vous n'\u00eates pas d'accord avec ces termes et conditions, veuillez ne pas utiliser le site web.<\/p>\n\n\n\n<hr class=\"wp-block-separator has-alpha-channel-opacity\"\/>\n\n\n\n<h3 class=\"wp-block-heading\">1. Acceptation des conditions<\/h3>\n\n\n\n<p>En utilisant ce site web, vous reconnaissez avoir lu, compris et accept\u00e9 d'\u00eatre li\u00e9 par les pr\u00e9sentes conditions g\u00e9n\u00e9rales, y compris toute ligne directrice suppl\u00e9mentaire ou modification future. En continuant \u00e0 utiliser le site web, vous acceptez ces modifications.<\/p>\n\n\n\n<hr class=\"wp-block-separator has-alpha-channel-opacity\"\/>\n\n\n\n<h3 class=\"wp-block-heading\">2. Utilisation du site web<\/h3>\n\n\n\n<ul class=\"wp-block-list\">\n<li><strong>L'\u00e9ligibilit\u00e9 :<\/strong> Vous devez \u00eatre \u00e2g\u00e9 d'au moins 18 ans pour utiliser ce site web.<\/li>\n\n\n\n<li><strong>Utilisation autoris\u00e9e :<\/strong> Il vous est accord\u00e9 un droit limit\u00e9, non exclusif et non transf\u00e9rable d'acc\u00e9der au site web et de l'utiliser \u00e0 des fins personnelles et non commerciales. Toute autre utilisation est strictement interdite.<\/li>\n\n\n\n<li><strong>Activit\u00e9s interdites :<\/strong> Vous vous engagez \u00e0 ne pas :\n<ul class=\"wp-block-list\">\n<li>S'engager dans toute activit\u00e9 susceptible de nuire au site web ou d'en alt\u00e9rer la fonctionnalit\u00e9.<\/li>\n\n\n\n<li>utiliser des syst\u00e8mes ou des logiciels automatis\u00e9s pour extraire des donn\u00e9es du site web.<\/li>\n\n\n\n<li>Tenter d'obtenir un acc\u00e8s non autoris\u00e9 \u00e0 toute partie du site web, aux donn\u00e9es des autres utilisateurs ou \u00e0 tout syst\u00e8me connect\u00e9.<\/li>\n<\/ul>\n<\/li>\n<\/ul>\n\n\n\n<hr class=\"wp-block-separator has-alpha-channel-opacity\"\/>\n\n\n\n<h3 class=\"wp-block-heading\">3. Propri\u00e9t\u00e9 intellectuelle<\/h3>\n\n\n\n<ul class=\"wp-block-list\">\n<li><strong>Propri\u00e9t\u00e9 du contenu :<\/strong> Tout le contenu disponible sur le site web, y compris le texte, les graphiques, les logos, les images et les logiciels, est la propri\u00e9t\u00e9 de Gigliola Pjetra ou de ses conc\u00e9dants de licence et est prot\u00e9g\u00e9 par les lois internationales sur les droits d'auteur, les marques d\u00e9pos\u00e9es et autres lois sur la propri\u00e9t\u00e9 intellectuelle.<\/li>\n\n\n\n<li><strong>Restrictions :<\/strong> Il est interdit de reproduire, de modifier, de distribuer ou d'utiliser de toute autre mani\u00e8re le contenu du site web sans autorisation \u00e9crite pr\u00e9alable, sauf dans les cas express\u00e9ment pr\u00e9vus par les pr\u00e9sentes conditions g\u00e9n\u00e9rales.<\/li>\n<\/ul>\n\n\n\n<hr class=\"wp-block-separator has-alpha-channel-opacity\"\/>\n\n\n\n<h3 class=\"wp-block-heading\">4. Informations sur les biens immobiliers<\/h3>\n\n\n\n<ul class=\"wp-block-list\">\n<li><strong>Exactitude des informations :<\/strong> Bien que des efforts soient faits pour garantir l'exactitude des annonces immobili\u00e8res et des informations connexes, Gigliola Pjetra n'offre aucune garantie quant \u00e0 l'exactitude, la fiabilit\u00e9 ou l'exhaustivit\u00e9 des informations fournies.<\/li>\n\n\n\n<li><strong>Pas de conseils professionnels :<\/strong> Les informations contenues dans ce site Web sont fournies \u00e0 titre d'information g\u00e9n\u00e9rale uniquement et ne constituent pas des conseils professionnels en mati\u00e8re immobili\u00e8re, juridique ou financi\u00e8re. Consultez toujours un professionnel qualifi\u00e9 avant de prendre une quelconque d\u00e9cision sur la base des informations fournies sur le site web.<\/li>\n<\/ul>\n\n\n\n<hr class=\"wp-block-separator has-alpha-channel-opacity\"\/>\n\n\n\n<h3 class=\"wp-block-heading\">5. Liens et contenus de tiers<\/h3>\n\n\n\n<p>Le site web peut inclure des liens vers des sites web ou des contenus de tiers qui ne sont pas sous le contr\u00f4le de Gigliola Pjetra. Ces liens sont fournis uniquement pour votre commodit\u00e9 et ne signifient pas que nous approuvons les sites tiers ou leur contenu. Nous ne sommes pas responsables du contenu, des politiques de confidentialit\u00e9 ou des pratiques des tiers.<\/p>\n\n\n\n<hr class=\"wp-block-separator has-alpha-channel-opacity\"\/>\n\n\n\n<h3 class=\"wp-block-heading\">6. Limitation de la responsabilit\u00e9<\/h3>\n\n\n\n<p>Dans toute la mesure permise par la loi, Gigliola Pjetra et ses affili\u00e9s, administrateurs, dirigeants, employ\u00e9s et agents ne seront pas responsables des dommages indirects, accessoires, sp\u00e9ciaux, cons\u00e9cutifs ou punitifs, ou de toute perte de profits ou de revenus d\u00e9coulant de ou en rapport avec votre utilisation du site web ou de l'impossibilit\u00e9 d'acc\u00e9der au site web.<\/p>\n\n\n\n<hr class=\"wp-block-separator has-alpha-channel-opacity\"\/>\n\n\n\n<h3 class=\"wp-block-heading\">7. Indemnisation<\/h3>\n\n\n\n<p>Vous acceptez d'indemniser, de d\u00e9fendre et de d\u00e9gager de toute responsabilit\u00e9 Gigliola Pjetra, ses fondateurs, ses employ\u00e9s et ses affili\u00e9s contre toute r\u00e9clamation, responsabilit\u00e9, dommage, perte et d\u00e9pense, y compris les frais raisonnables d'avocat, r\u00e9sultant ou li\u00e9s de quelque mani\u00e8re que ce soit \u00e0 votre acc\u00e8s ou \u00e0 votre utilisation du site web ou \u00e0 la violation de ces conditions g\u00e9n\u00e9rales d'utilisation.<\/p>\n\n\n\n<hr class=\"wp-block-separator has-alpha-channel-opacity\"\/>\n\n\n\n<h3 class=\"wp-block-heading\">8. Respect de la vie priv\u00e9e<\/h3>\n\n\n\n<p>Votre utilisation du site web est \u00e9galement r\u00e9gie par notre politique de confidentialit\u00e9. Veuillez consulter notre politique de confidentialit\u00e9 pour comprendre comment nous collectons, utilisons et prot\u00e9geons vos informations personnelles.<\/p>\n\n\n\n<hr class=\"wp-block-separator has-alpha-channel-opacity\"\/>\n\n\n\n<h3 class=\"wp-block-heading\">9. Modifications des conditions g\u00e9n\u00e9rales<\/h3>\n\n\n\n<p>Gigliola Pjetra se r\u00e9serve le droit de modifier ces termes et conditions \u00e0 tout moment et sans pr\u00e9avis. Toute modification entrera en vigueur imm\u00e9diatement apr\u00e8s sa publication sur le site web. En continuant \u00e0 utiliser le site web apr\u00e8s toute modification, vous acceptez les nouveaux termes et conditions.<\/p>\n\n\n\n<hr class=\"wp-block-separator has-alpha-channel-opacity\"\/>\n\n\n\n<h3 class=\"wp-block-heading\">10. Droit applicable<\/h3>\n\n\n\n<p>Les pr\u00e9sentes conditions g\u00e9n\u00e9rales sont r\u00e9gies et interpr\u00e9t\u00e9es conform\u00e9ment aux lois de la R\u00e9publique dominicaine. Tout litige d\u00e9coulant des pr\u00e9sentes conditions g\u00e9n\u00e9rales est soumis \u00e0 la comp\u00e9tence exclusive des tribunaux situ\u00e9s en R\u00e9publique dominicaine.<\/p>\n\n\n\n<hr class=\"wp-block-separator has-alpha-channel-opacity\"\/>\n\n\n\n<h3 class=\"wp-block-heading\">11. Informations sur les contacts<\/h3>\n\n\n\n<p>Si vous avez des questions ou des pr\u00e9occupations concernant les pr\u00e9sentes conditions g\u00e9n\u00e9rales, veuillez nous contacter \u00e0 l'adresse suivante<\/p>\n\n\n\n<p><strong>Gigliola Pjetra - Fondatrice<\/strong><br><strong>T\u00e9l\u00e9phone (DR) :<\/strong> +1 829 569 8804<br><strong>T\u00e9l\u00e9phone (Intl) :<\/strong> +32 487 577 133<br><strong>Courriel :<\/strong> <a>info@picrealestate.com<\/a><\/p>\n\n\n\n<p><strong>Adresse du bureau :<\/strong><br>Calle Principal, Cabarete, 57000,<br>R\u00e9publique dominicaine<\/p>\n\n\n\n<hr class=\"wp-block-separator has-alpha-channel-opacity\"\/>\n\n\n\n<p>En utilisant ce site web, vous reconnaissez avoir lu les pr\u00e9sentes conditions et acceptez d'\u00eatre li\u00e9 par elles. Si vous n'\u00eates pas d'accord avec une quelconque partie de ces conditions, veuillez cesser imm\u00e9diatement d'utiliser le site web.<\/p>","protected":false},"excerpt":{"rendered":"<p>Last Updated: 01 January 2025 Welcome to Gigliola Pjetra\u2019s Real Estate Website (\u201cWebsite\u201d). By accessing or using this Website, you agree to comply with and be bound by the following terms and conditions. If you do not agree with these Terms and Conditions, please do not use the Website. 1. Acceptance of Terms By using [&hellip;]<\/p>\n","protected":false},"author":1,"featured_media":0,"parent":0,"menu_order":0,"comment_status":"closed","ping_status":"closed","template":"","meta":{"_joinchat":[],"footnotes":""},"class_list":["post-745","page","type-page","status-publish","hentry"],"_links":{"self":[{"href":"https:\/\/www.picrealestate.com\/fr\/wp-json\/wp\/v2\/pages\/745","targetHints":{"allow":["GET"]}}],"collection":[{"href":"https:\/\/www.picrealestate.com\/fr\/wp-json\/wp\/v2\/pages"}],"about":[{"href":"https:\/\/www.picrealestate.com\/fr\/wp-json\/wp\/v2\/types\/page"}],"author":[{"embeddable":true,"href":"https:\/\/www.picrealestate.com\/fr\/wp-json\/wp\/v2\/users\/1"}],"replies":[{"embeddable":true,"href":"https:\/\/www.picrealestate.com\/fr\/wp-json\/wp\/v2\/comments?post=745"}],"version-history":[{"count":1,"href":"https:\/\/www.picrealestate.com\/fr\/wp-json\/wp\/v2\/pages\/745\/revisions"}],"predecessor-version":[{"id":18688,"href":"https:\/\/www.picrealestate.com\/fr\/wp-json\/wp\/v2\/pages\/745\/revisions\/18688"}],"wp:attachment":[{"href":"https:\/\/www.picrealestate.com\/fr\/wp-json\/wp\/v2\/media?parent=745"}],"curies":[{"name":"wp","href":"https:\/\/api.w.org\/{rel}","templated":true}]}}